{"id":3739,"date":"2025-01-03T14:08:46","date_gmt":"2025-01-03T17:08:46","guid":{"rendered":"https:\/\/www.coipsa.cl\/quienes-somos\/equipo\/"},"modified":"2025-09-17T14:04:30","modified_gmt":"2025-09-17T17:04:30","slug":"equipo","status":"publish","type":"page","link":"https:\/\/www.coipsa.cl\/en\/quienes-somos\/equipo\/","title":{"rendered":"Team"},"content":{"rendered":"<p>Team.Ver m\u00e1s.Ver m\u00e1s.Ver m\u00e1s..Get to know our team..No encontramos resultados para tu b\u00fasqueda.Intenta m\u00e1s tarde..About <strong>us<\/strong>.1.Who we are.We craft sustainable solutions that protect our customers&#8217; products..Our motivation.Through our signature methods, we mobilize our teams to fulfill our purpose..Physical locations.We have 11 production facilities, meaning we are located near our customers.<\/p>\n","protected":false},"excerpt":{"rendered":"<p>Test del extracto<\/p>\n","protected":false},"author":1,"featured_media":0,"parent":3703,"menu_order":0,"comment_status":"closed","ping_status":"closed","template":"acf-modules","meta":{"_acf_changed":false,"footnotes":""},"class_list":["post-3739","page","type-page","status-publish","hentry"],"acf":[],"yoast_head":"<!-- This site is optimized with the Yoast SEO plugin v25.4 - https:\/\/yoast.com\/wordpress\/plugins\/seo\/ -->\n<title>Team - Coipsa website<\/title>\n<meta name=\"robots\" content=\"index, follow, max-snippet:-1, max-image-preview:large, max-video-preview:-1\" \/>\n<link rel=\"canonical\" href=\"https:\/\/www.coipsa.cl\/en\/quienes-somos\/equipo\/\" \/>\n<meta property=\"og:locale\" content=\"en_US\" \/>\n<meta property=\"og:type\" content=\"article\" \/>\n<meta property=\"og:title\" content=\"Team - Coipsa website\" \/>\n<meta property=\"og:description\" content=\"Test del extracto\" \/>\n<meta property=\"og:url\" content=\"https:\/\/www.coipsa.cl\/en\/quienes-somos\/equipo\/\" \/>\n<meta property=\"og:site_name\" content=\"Coipsa website\" \/>\n<meta property=\"article:modified_time\" content=\"2025-09-17T17:04:30+00:00\" \/>\n<meta name=\"twitter:card\" content=\"summary_large_image\" \/>\n<meta name=\"twitter:label1\" content=\"Est. reading time\" \/>\n\t<meta name=\"twitter:data1\" content=\"1 minute\" \/>\n<script type=\"application\/ld+json\" class=\"yoast-schema-graph\">{\"@context\":\"https:\/\/schema.org\",\"@graph\":[{\"@type\":\"WebPage\",\"@id\":\"https:\/\/www.coipsa.cl\/en\/quienes-somos\/equipo\/\",\"url\":\"https:\/\/www.coipsa.cl\/en\/quienes-somos\/equipo\/\",\"name\":\"Team - Coipsa website\",\"isPartOf\":{\"@id\":\"https:\/\/www.coipsa.cl\/#website\"},\"datePublished\":\"2025-01-03T17:08:46+00:00\",\"dateModified\":\"2025-09-17T17:04:30+00:00\",\"breadcrumb\":{\"@id\":\"https:\/\/www.coipsa.cl\/en\/quienes-somos\/equipo\/#breadcrumb\"},\"inLanguage\":\"en-US\",\"potentialAction\":[{\"@type\":\"ReadAction\",\"target\":[\"https:\/\/www.coipsa.cl\/en\/quienes-somos\/equipo\/\"]}]},{\"@type\":\"BreadcrumbList\",\"@id\":\"https:\/\/www.coipsa.cl\/en\/quienes-somos\/equipo\/#breadcrumb\",\"itemListElement\":[{\"@type\":\"ListItem\",\"position\":1,\"name\":\"Home\",\"item\":\"https:\/\/www.coipsa.cl\/en\/\"},{\"@type\":\"ListItem\",\"position\":2,\"name\":\"About us\",\"item\":\"https:\/\/www.coipsa.cl\/en\/quienes-somos\/\"},{\"@type\":\"ListItem\",\"position\":3,\"name\":\"Team\"}]},{\"@type\":\"WebSite\",\"@id\":\"https:\/\/www.coipsa.cl\/#website\",\"url\":\"https:\/\/www.coipsa.cl\/\",\"name\":\"Coipsa website\",\"description\":\"\",\"potentialAction\":[{\"@type\":\"SearchAction\",\"target\":{\"@type\":\"EntryPoint\",\"urlTemplate\":\"https:\/\/www.coipsa.cl\/?s={search_term_string}\"},\"query-input\":{\"@type\":\"PropertyValueSpecification\",\"valueRequired\":true,\"valueName\":\"search_term_string\"}}],\"inLanguage\":\"en-US\"}]}<\/script>\n<!-- \/ Yoast SEO plugin. -->","yoast_head_json":{"title":"Team - Coipsa website","robots":{"index":"index","follow":"follow","max-snippet":"max-snippet:-1","max-image-preview":"max-image-preview:large","max-video-preview":"max-video-preview:-1"},"canonical":"https:\/\/www.coipsa.cl\/en\/quienes-somos\/equipo\/","og_locale":"en_US","og_type":"article","og_title":"Team - Coipsa website","og_description":"Test del extracto","og_url":"https:\/\/www.coipsa.cl\/en\/quienes-somos\/equipo\/","og_site_name":"Coipsa website","article_modified_time":"2025-09-17T17:04:30+00:00","twitter_card":"summary_large_image","twitter_misc":{"Est. reading time":"1 minute"},"schema":{"@context":"https:\/\/schema.org","@graph":[{"@type":"WebPage","@id":"https:\/\/www.coipsa.cl\/en\/quienes-somos\/equipo\/","url":"https:\/\/www.coipsa.cl\/en\/quienes-somos\/equipo\/","name":"Team - Coipsa website","isPartOf":{"@id":"https:\/\/www.coipsa.cl\/#website"},"datePublished":"2025-01-03T17:08:46+00:00","dateModified":"2025-09-17T17:04:30+00:00","breadcrumb":{"@id":"https:\/\/www.coipsa.cl\/en\/quienes-somos\/equipo\/#breadcrumb"},"inLanguage":"en-US","potentialAction":[{"@type":"ReadAction","target":["https:\/\/www.coipsa.cl\/en\/quienes-somos\/equipo\/"]}]},{"@type":"BreadcrumbList","@id":"https:\/\/www.coipsa.cl\/en\/quienes-somos\/equipo\/#breadcrumb","itemListElement":[{"@type":"ListItem","position":1,"name":"Home","item":"https:\/\/www.coipsa.cl\/en\/"},{"@type":"ListItem","position":2,"name":"About us","item":"https:\/\/www.coipsa.cl\/en\/quienes-somos\/"},{"@type":"ListItem","position":3,"name":"Team"}]},{"@type":"WebSite","@id":"https:\/\/www.coipsa.cl\/#website","url":"https:\/\/www.coipsa.cl\/","name":"Coipsa website","description":"","potentialAction":[{"@type":"SearchAction","target":{"@type":"EntryPoint","urlTemplate":"https:\/\/www.coipsa.cl\/?s={search_term_string}"},"query-input":{"@type":"PropertyValueSpecification","valueRequired":true,"valueName":"search_term_string"}}],"inLanguage":"en-US"}]}},"_links":{"self":[{"href":"https:\/\/www.coipsa.cl\/en\/wp-json\/wp\/v2\/pages\/3739","targetHints":{"allow":["GET"]}}],"collection":[{"href":"https:\/\/www.coipsa.cl\/en\/wp-json\/wp\/v2\/pages"}],"about":[{"href":"https:\/\/www.coipsa.cl\/en\/wp-json\/wp\/v2\/types\/page"}],"author":[{"embeddable":true,"href":"https:\/\/www.coipsa.cl\/en\/wp-json\/wp\/v2\/users\/1"}],"replies":[{"embeddable":true,"href":"https:\/\/www.coipsa.cl\/en\/wp-json\/wp\/v2\/comments?post=3739"}],"version-history":[{"count":6,"href":"https:\/\/www.coipsa.cl\/en\/wp-json\/wp\/v2\/pages\/3739\/revisions"}],"predecessor-version":[{"id":3902,"href":"https:\/\/www.coipsa.cl\/en\/wp-json\/wp\/v2\/pages\/3739\/revisions\/3902"}],"up":[{"embeddable":true,"href":"https:\/\/www.coipsa.cl\/en\/wp-json\/wp\/v2\/pages\/3703"}],"wp:attachment":[{"href":"https:\/\/www.coipsa.cl\/en\/wp-json\/wp\/v2\/media?parent=3739"}],"curies":[{"name":"wp","href":"https:\/\/api.w.org\/{rel}","templated":true}]}}