{"id":3709,"date":"2025-01-07T11:58:52","date_gmt":"2025-01-07T14:58:52","guid":{"rendered":"https:\/\/www.coipsa.cl\/quienes-somos\/lo-que-nos-mueve\/"},"modified":"2025-09-23T14:22:48","modified_gmt":"2025-09-23T17:22:48","slug":"lo-que-nos-mueve","status":"publish","type":"page","link":"https:\/\/www.coipsa.cl\/en\/quienes-somos\/lo-que-nos-mueve\/","title":{"rendered":"Our motivation"},"content":{"rendered":"<p>Our motivation.Nuestro Prop\u00f3sito.<span style=\"font-weight: 400;\">Nuestro prop\u00f3sito<\/span>.En Coipsa, existimos para reinventar la industria del embalaje desde el poder transformador de la econom\u00eda circular. Valorizamos residuos para convertirlos en nuevas materias primas que luego desarrollamos en soluciones sostenibles que aportan eficiencia a cada proceso de producci\u00f3n y distribuci\u00f3n. As\u00ed, impulsamos un modelo de econom\u00eda circular alineado con un futuro m\u00e1s sostenible que hace a nuestros clientes m\u00e1s competitivos&#8230;<span style=\"font-weight: 400;\">\u00bfQu\u00e9 nos motiva? <\/span>.Creemos en un futuro donde el embalaje sea sostenible y responsable con el entorno. Trabajamos para transformar residuos en oportunidades y contribuir a una econom\u00eda circular que impacte positivamente al planeta&#8230;.Purpose.Purpose.Our reason for existence is to reinvent the packaging industry through the transformative power of the circular economy&#8230;.Identity.Our cultural identity.This refers to the essence of our culture, as it defines our identity and adds our distinctive signature to the way we work.<\/p>\n<p>We follow the core values <strong>of Humility, Honesty, Responsibility and Passion<\/strong> to encourage our teams in the pursuit of our aims..Our commitments:.Determine the best way to get things done..Determine the best way to get things done..Committed to a culture of trust with a focus on people..Passionate about solving our customers&#8217; needs..Motivated by making a positive impact where we live..What we do.What we do.We create, manufacture and deliver sustainable solutions to protect our customers&#8217; products, ensuring reliability throughout the supply chain.<\/p>\n<p>We do this by integrating the development of packaging solutions, the production of recycled raw materials and waste management..Our promise.Our commitment to customers is supported by three distinctive features..Vision.Our pillars.We bring to life and promote our vision and commitments to customers through five strategic pillars:.Our vision.Growth through leveraging our integration with competitive products and positioning ourselves in the market as an industry leader in service..Competitiveness..Reliability..Sustainability..Growth.We leverage our capabilities and operations to drive<br \/>\nCoipsa&#8217;s comprehensive and sustainable growth..Customer service and experience.Provide services that are entirely focused on our customers\u2019 needs..Development and innovation.We stay ahead of the curve, developing innovative solutions that add value..Operations and processes.Adhere to the best standards for productive and administrative operations..Culture and teams.Foster passionate teams that embody the Coipsa hallmark..About <strong>us<\/strong>.Lorem ipsum Lorem ipsum Lorem ipsum Lorem ipsum Lorem ipsum Lorem ipsum Lorem ipsum Lorem ipsum Lorem ipsum Lorem ipsum Lorem ipsum Lorem ipsum .1.Who we are.We craft sustainable solutions that protect our customers&#39;<br \/>\nproducts..Team.Our committed team leads the charge with growth-driving strategies..Physical locations.We have 11 production facilities, meaning we are located near our customers..Work with us.At Coipsa, every day is an opportunity to innovate, learn, and contribute to a meaningful purpose.<\/p>\n","protected":false},"excerpt":{"rendered":"<p>Our motivation.Nuestro Prop\u00f3sito.Nuestro prop\u00f3sito.En Coipsa, existimos para reinventar la industria del embalaje desde el poder transformador de la econom\u00eda circular. Valorizamos residuos para convertirlos en nuevas materias primas que luego desarrollamos en soluciones sostenibles que aportan eficiencia a cada proceso de producci\u00f3n y distribuci\u00f3n. As\u00ed, impulsamos un modelo de econom\u00eda circular alineado con un futuro [&hellip;]<\/p>\n","protected":false},"author":1,"featured_media":0,"parent":3703,"menu_order":0,"comment_status":"closed","ping_status":"closed","template":"acf-modules","meta":{"_acf_changed":false,"footnotes":""},"class_list":["post-3709","page","type-page","status-publish","hentry"],"acf":[],"yoast_head":"<!-- This site is optimized with the Yoast SEO plugin v25.4 - https:\/\/yoast.com\/wordpress\/plugins\/seo\/ -->\n<title>Our motivation - Coipsa website<\/title>\n<meta name=\"robots\" content=\"index, follow, max-snippet:-1, max-image-preview:large, max-video-preview:-1\" \/>\n<link rel=\"canonical\" href=\"https:\/\/www.coipsa.cl\/en\/quienes-somos\/lo-que-nos-mueve\/\" \/>\n<meta property=\"og:locale\" content=\"en_US\" \/>\n<meta property=\"og:type\" content=\"article\" \/>\n<meta property=\"og:title\" content=\"Our motivation - Coipsa website\" \/>\n<meta property=\"og:description\" content=\"Our motivation.Nuestro Prop\u00f3sito.Nuestro prop\u00f3sito.En Coipsa, existimos para reinventar la industria del embalaje desde el poder transformador de la econom\u00eda circular. Valorizamos residuos para convertirlos en nuevas materias primas que luego desarrollamos en soluciones sostenibles que aportan eficiencia a cada proceso de producci\u00f3n y distribuci\u00f3n. As\u00ed, impulsamos un modelo de econom\u00eda circular alineado con un futuro [&hellip;]\" \/>\n<meta property=\"og:url\" content=\"https:\/\/www.coipsa.cl\/en\/quienes-somos\/lo-que-nos-mueve\/\" \/>\n<meta property=\"og:site_name\" content=\"Coipsa website\" \/>\n<meta property=\"article:modified_time\" content=\"2025-09-23T17:22:48+00:00\" \/>\n<meta name=\"twitter:card\" content=\"summary_large_image\" \/>\n<meta name=\"twitter:label1\" content=\"Est. reading time\" \/>\n\t<meta name=\"twitter:data1\" content=\"2 minutes\" \/>\n<script type=\"application\/ld+json\" class=\"yoast-schema-graph\">{\"@context\":\"https:\/\/schema.org\",\"@graph\":[{\"@type\":\"WebPage\",\"@id\":\"https:\/\/www.coipsa.cl\/en\/quienes-somos\/lo-que-nos-mueve\/\",\"url\":\"https:\/\/www.coipsa.cl\/en\/quienes-somos\/lo-que-nos-mueve\/\",\"name\":\"Our motivation - Coipsa website\",\"isPartOf\":{\"@id\":\"https:\/\/www.coipsa.cl\/#website\"},\"datePublished\":\"2025-01-07T14:58:52+00:00\",\"dateModified\":\"2025-09-23T17:22:48+00:00\",\"breadcrumb\":{\"@id\":\"https:\/\/www.coipsa.cl\/en\/quienes-somos\/lo-que-nos-mueve\/#breadcrumb\"},\"inLanguage\":\"en-US\",\"potentialAction\":[{\"@type\":\"ReadAction\",\"target\":[\"https:\/\/www.coipsa.cl\/en\/quienes-somos\/lo-que-nos-mueve\/\"]}]},{\"@type\":\"BreadcrumbList\",\"@id\":\"https:\/\/www.coipsa.cl\/en\/quienes-somos\/lo-que-nos-mueve\/#breadcrumb\",\"itemListElement\":[{\"@type\":\"ListItem\",\"position\":1,\"name\":\"Home\",\"item\":\"https:\/\/www.coipsa.cl\/en\/\"},{\"@type\":\"ListItem\",\"position\":2,\"name\":\"About us\",\"item\":\"https:\/\/www.coipsa.cl\/en\/quienes-somos\/\"},{\"@type\":\"ListItem\",\"position\":3,\"name\":\"Our motivation\"}]},{\"@type\":\"WebSite\",\"@id\":\"https:\/\/www.coipsa.cl\/#website\",\"url\":\"https:\/\/www.coipsa.cl\/\",\"name\":\"Coipsa website\",\"description\":\"\",\"potentialAction\":[{\"@type\":\"SearchAction\",\"target\":{\"@type\":\"EntryPoint\",\"urlTemplate\":\"https:\/\/www.coipsa.cl\/?s={search_term_string}\"},\"query-input\":{\"@type\":\"PropertyValueSpecification\",\"valueRequired\":true,\"valueName\":\"search_term_string\"}}],\"inLanguage\":\"en-US\"}]}<\/script>\n<!-- \/ Yoast SEO plugin. -->","yoast_head_json":{"title":"Our motivation - Coipsa website","robots":{"index":"index","follow":"follow","max-snippet":"max-snippet:-1","max-image-preview":"max-image-preview:large","max-video-preview":"max-video-preview:-1"},"canonical":"https:\/\/www.coipsa.cl\/en\/quienes-somos\/lo-que-nos-mueve\/","og_locale":"en_US","og_type":"article","og_title":"Our motivation - Coipsa website","og_description":"Our motivation.Nuestro Prop\u00f3sito.Nuestro prop\u00f3sito.En Coipsa, existimos para reinventar la industria del embalaje desde el poder transformador de la econom\u00eda circular. Valorizamos residuos para convertirlos en nuevas materias primas que luego desarrollamos en soluciones sostenibles que aportan eficiencia a cada proceso de producci\u00f3n y distribuci\u00f3n. As\u00ed, impulsamos un modelo de econom\u00eda circular alineado con un futuro [&hellip;]","og_url":"https:\/\/www.coipsa.cl\/en\/quienes-somos\/lo-que-nos-mueve\/","og_site_name":"Coipsa website","article_modified_time":"2025-09-23T17:22:48+00:00","twitter_card":"summary_large_image","twitter_misc":{"Est. reading time":"2 minutes"},"schema":{"@context":"https:\/\/schema.org","@graph":[{"@type":"WebPage","@id":"https:\/\/www.coipsa.cl\/en\/quienes-somos\/lo-que-nos-mueve\/","url":"https:\/\/www.coipsa.cl\/en\/quienes-somos\/lo-que-nos-mueve\/","name":"Our motivation - Coipsa website","isPartOf":{"@id":"https:\/\/www.coipsa.cl\/#website"},"datePublished":"2025-01-07T14:58:52+00:00","dateModified":"2025-09-23T17:22:48+00:00","breadcrumb":{"@id":"https:\/\/www.coipsa.cl\/en\/quienes-somos\/lo-que-nos-mueve\/#breadcrumb"},"inLanguage":"en-US","potentialAction":[{"@type":"ReadAction","target":["https:\/\/www.coipsa.cl\/en\/quienes-somos\/lo-que-nos-mueve\/"]}]},{"@type":"BreadcrumbList","@id":"https:\/\/www.coipsa.cl\/en\/quienes-somos\/lo-que-nos-mueve\/#breadcrumb","itemListElement":[{"@type":"ListItem","position":1,"name":"Home","item":"https:\/\/www.coipsa.cl\/en\/"},{"@type":"ListItem","position":2,"name":"About us","item":"https:\/\/www.coipsa.cl\/en\/quienes-somos\/"},{"@type":"ListItem","position":3,"name":"Our motivation"}]},{"@type":"WebSite","@id":"https:\/\/www.coipsa.cl\/#website","url":"https:\/\/www.coipsa.cl\/","name":"Coipsa website","description":"","potentialAction":[{"@type":"SearchAction","target":{"@type":"EntryPoint","urlTemplate":"https:\/\/www.coipsa.cl\/?s={search_term_string}"},"query-input":{"@type":"PropertyValueSpecification","valueRequired":true,"valueName":"search_term_string"}}],"inLanguage":"en-US"}]}},"_links":{"self":[{"href":"https:\/\/www.coipsa.cl\/en\/wp-json\/wp\/v2\/pages\/3709","targetHints":{"allow":["GET"]}}],"collection":[{"href":"https:\/\/www.coipsa.cl\/en\/wp-json\/wp\/v2\/pages"}],"about":[{"href":"https:\/\/www.coipsa.cl\/en\/wp-json\/wp\/v2\/types\/page"}],"author":[{"embeddable":true,"href":"https:\/\/www.coipsa.cl\/en\/wp-json\/wp\/v2\/users\/1"}],"replies":[{"embeddable":true,"href":"https:\/\/www.coipsa.cl\/en\/wp-json\/wp\/v2\/comments?post=3709"}],"version-history":[{"count":7,"href":"https:\/\/www.coipsa.cl\/en\/wp-json\/wp\/v2\/pages\/3709\/revisions"}],"predecessor-version":[{"id":3924,"href":"https:\/\/www.coipsa.cl\/en\/wp-json\/wp\/v2\/pages\/3709\/revisions\/3924"}],"up":[{"embeddable":true,"href":"https:\/\/www.coipsa.cl\/en\/wp-json\/wp\/v2\/pages\/3703"}],"wp:attachment":[{"href":"https:\/\/www.coipsa.cl\/en\/wp-json\/wp\/v2\/media?parent=3709"}],"curies":[{"name":"wp","href":"https:\/\/api.w.org\/{rel}","templated":true}]}}