{"id":3706,"date":"2025-01-06T15:47:31","date_gmt":"2025-01-06T18:47:31","guid":{"rendered":"https:\/\/www.coipsa.cl\/quienes-somos\/nosotros\/"},"modified":"2025-09-22T10:07:35","modified_gmt":"2025-09-22T13:07:35","slug":"nosotros","status":"publish","type":"page","link":"https:\/\/www.coipsa.cl\/en\/quienes-somos\/nosotros\/","title":{"rendered":"Who we are"},"content":{"rendered":"<p>Who we are.Get to know us.Our company has more than 35 years of experience working with a circular economy model.<\/p>\n<p>We create, manufacture and deliver sustainable solutions to protect our customers&#8217; products while ensuring reliability throughout the supply chain.<\/p>\n<p>This is done by integrating the development of packaging solutions, the production of recycled raw materials and waste management..Our <strong>circular economy model<\/strong>.At Coipsa, our business model is based on the transformational power of the circular economy, which is why we integrate the development of packaging solutions, the production of recycled raw materials and waste management.<\/p>\n<p>Our integrated model helps us ensure that the products and solutions we offer customers are competitive, reliable and sustainable..<span style=\"font-weight: 400;\">Nace <strong>Coipsa<\/strong><\/span>.Inicio de actividades con distribuci\u00f3n de Papeles Gr\u00e1ficos..Inicio de Actividades.Disfrtibuci\u00f3n de papeles gr\u00e1ficos..<span style=\"font-weight: 400;\">Recupac y CPP<\/span>.Compra de CPP y creaci\u00f3n de Recupac..54 a\u00f1os de <strong>Historia<\/strong>.Horem ipsum dolor sit amet, consectetur adipiscing Nunc vulputate libero et velit interdum, ac aliquet odio Class aptent taciti sociosqu ad litora torquent per conubia per inceptos himenaeos..Inicio de Actividades.Disfrtibuci\u00f3n de papeles gr\u00e1ficos..Lorem ipsum dolor sit.Lorem ipsum dolor sit.Lorem ipsum dolor sit.Lorem ipsum dolor sit.Lorem ipsum dolor sit.Lorem ipsum dolor sit.54 a\u00f1os de <strong>Historia<\/strong>.Horem ipsum dolor sit amet, consectetur adipiscing Nunc vulputate libero et velit interdum, ac aliquet odio Class aptent taciti sociosqu ad litora torquent per conubia per inceptos himenaeos..Inicio de Actividades.Disfrtibuci\u00f3n de papeles gr\u00e1ficos..Lorem ipsum dolor sit.Lorem ipsum dolor sit.Lorem ipsum dolor sit.Lorem ipsum dolor sit.Lorem ipsum dolor sit.Lorem ipsum dolor sit.54 a\u00f1os de <strong>Historia<\/strong>.Horem ipsum dolor sit amet, consectetur adipiscing Nunc vulputate libero et velit interdum, ac aliquet odio Class aptent taciti sociosqu ad litora torquent per conubia per inceptos himenaeos..Inicio de Actividades.Disfrtibuci\u00f3n de papeles gr\u00e1ficos..Lorem ipsum dolor sit.Lorem ipsum dolor sit.Lorem ipsum dolor sit.Lorem ipsum dolor sit.Lorem ipsum dolor sit.Lorem ipsum dolor sit.54 a\u00f1os de <strong>Historia<\/strong>.Horem ipsum dolor sit amet, consectetur adipiscing Nunc vulputate libero et velit interdum, ac aliquet odio Class aptent taciti sociosqu ad litora torquent per conubia per inceptos himenaeos..Inicio de Actividades.Disfrtibuci\u00f3n de papeles gr\u00e1ficos..Lorem ipsum dolor sit.Lorem ipsum dolor sit.Lorem ipsum dolor sit.Lorem ipsum dolor sit.Lorem ipsum dolor sit.Lorem ipsum dolor sit.Coipsa in figures..Years of experience.Customers.Industrial plants.<strong>Markets<\/strong> we serve..Mass consumer goods.We serve the processed food, dairy, beverages, and alcohol segments, as well as the home, personal care, and health segments with our packaging and comprehensive waste management solutions..Containers and packaging.We offer the containers and packaging segment our various packaging solutions, recycled raw materials, and comprehensive waste management services..Proteins.We deliver our many packaging solutions to the aquaculture and livestock segments..Agricultural products.We serve the fresh fruit and vegetable segment with our various packaging solutions..Retail and logistics.We offer our many packaging solutions and comprehensive waste management services to the retail and logistics segments..About <strong>us<\/strong>.1.Our motivation.Through our signature methods, we mobilize our teams to fulfill our<br \/>\npurpose..The team.Our committed team leads the charge with growth-driving<br \/>\nstrategies..Physical locations.We have 11 production facilities, meaning we are located near our customers&#8230;35 years of <strong>experience<\/strong>&#8230;<strong>Acquisition<\/strong> of the paper plant in San Francisco de Mostazal that has a capacity of 36,000 tons\/year; and <strong>the commissioning<\/strong> of the first cardboard waste conditioning plant in La Pintana&#8230;<strong>Commissioning<\/strong> of the first production line for manufacturing corrugated cardboard boxes at the San Francisco Mostazal Plant&#8230;<strong>Increased waste treatment capacity<\/strong> by means of the Huechuraba, Cerrillos, and Quilpu\u00e9 plants&#8230;<strong>Commissioning<\/strong> of corrugated cardboard box factory at La Granja with a capacity of 20,000 tons\/year&#8230;<strong>200% increase<\/strong> in the paper production capacity at the San Francisco de Mostazal plant by assembling and commissioning the MP3 (80,000 ton\/year)&#8230;<strong>Adquisici\u00f3n<\/strong> de f\u00e1brica de cajas de cart\u00f3n corrugado en Pudahuel, aumentando capacidad productiva de embalajes en m\u00e1s de 200% (70.000 ton\/a\u00f1o)&#8230;<strong>Commissioning<\/strong> of a power plant at the San Francisco de Mostazal plant to supply renewable energy to the papermaking process&#8230;<strong>20% capacity increase<\/strong> for packaging production at the Pudahuel plant by installing a new converter&#8230;<strong>Addition of the automation business line<\/strong>, complementing the value offering to our customers&#8230;<strong>Business model adaptation<\/strong> toward a comprehensive<br \/>\nwaste management model&#8230;Incorporation of the <strong>special packaging products business line<\/strong> in order to enter new markets&#8230;<strong>Acquisition and commissioning<\/strong> of a paper machine in San Pedro de la Paz, increasing the paper production capacity (200,000 tons\/year by 150%)&#8230;<strong>Commissioning<\/strong> of the LDPE plastics recovery plant within the San Bernardo Plant&#8230;<strong>20% increase in the packaging production capacity<\/strong> at the Pudahuel plant by installing a new converter; and a new plant opening in San Bernardo for the automation line and special products&#8230;<strong>Commissioning<\/strong> of a waste conditioning plant in Quilicura&#8230;<strong>100% increase in the paper production capacity<\/strong> at the San Francisco de Mostazal plant by installing the MP4 (145,000 ton\/year).1<\/p>\n","protected":false},"excerpt":{"rendered":"<p>Who we are.Get to know us.Our company has more than 35 years of experience working with a circular economy model. We create, manufacture and deliver sustainable solutions to protect our customers&#8217; products while ensuring reliability throughout the supply chain. This is done by integrating the development of packaging solutions, the production of recycled raw materials [&hellip;]<\/p>\n","protected":false},"author":1,"featured_media":0,"parent":3703,"menu_order":0,"comment_status":"closed","ping_status":"closed","template":"acf-modules","meta":{"_acf_changed":false,"footnotes":""},"class_list":["post-3706","page","type-page","status-publish","hentry"],"acf":[],"yoast_head":"<!-- This site is optimized with the Yoast SEO plugin v25.4 - https:\/\/yoast.com\/wordpress\/plugins\/seo\/ -->\n<title>Who we are - Coipsa website<\/title>\n<meta name=\"robots\" content=\"index, follow, max-snippet:-1, max-image-preview:large, max-video-preview:-1\" \/>\n<link rel=\"canonical\" href=\"https:\/\/www.coipsa.cl\/en\/quienes-somos\/nosotros\/\" \/>\n<meta property=\"og:locale\" content=\"en_US\" \/>\n<meta property=\"og:type\" content=\"article\" \/>\n<meta property=\"og:title\" content=\"Who we are - Coipsa website\" \/>\n<meta property=\"og:description\" content=\"Who we are.Get to know us.Our company has more than 35 years of experience working with a circular economy model. We create, manufacture and deliver sustainable solutions to protect our customers&#8217; products while ensuring reliability throughout the supply chain. This is done by integrating the development of packaging solutions, the production of recycled raw materials [&hellip;]\" \/>\n<meta property=\"og:url\" content=\"https:\/\/www.coipsa.cl\/en\/quienes-somos\/nosotros\/\" \/>\n<meta property=\"og:site_name\" content=\"Coipsa website\" \/>\n<meta property=\"article:modified_time\" content=\"2025-09-22T13:07:35+00:00\" \/>\n<meta name=\"twitter:card\" content=\"summary_large_image\" \/>\n<meta name=\"twitter:label1\" content=\"Est. reading time\" \/>\n\t<meta name=\"twitter:data1\" content=\"4 minutes\" \/>\n<script type=\"application\/ld+json\" class=\"yoast-schema-graph\">{\"@context\":\"https:\/\/schema.org\",\"@graph\":[{\"@type\":\"WebPage\",\"@id\":\"https:\/\/www.coipsa.cl\/en\/quienes-somos\/nosotros\/\",\"url\":\"https:\/\/www.coipsa.cl\/en\/quienes-somos\/nosotros\/\",\"name\":\"Who we are - Coipsa website\",\"isPartOf\":{\"@id\":\"https:\/\/www.coipsa.cl\/#website\"},\"datePublished\":\"2025-01-06T18:47:31+00:00\",\"dateModified\":\"2025-09-22T13:07:35+00:00\",\"breadcrumb\":{\"@id\":\"https:\/\/www.coipsa.cl\/en\/quienes-somos\/nosotros\/#breadcrumb\"},\"inLanguage\":\"en-US\",\"potentialAction\":[{\"@type\":\"ReadAction\",\"target\":[\"https:\/\/www.coipsa.cl\/en\/quienes-somos\/nosotros\/\"]}]},{\"@type\":\"BreadcrumbList\",\"@id\":\"https:\/\/www.coipsa.cl\/en\/quienes-somos\/nosotros\/#breadcrumb\",\"itemListElement\":[{\"@type\":\"ListItem\",\"position\":1,\"name\":\"Home\",\"item\":\"https:\/\/www.coipsa.cl\/en\/\"},{\"@type\":\"ListItem\",\"position\":2,\"name\":\"About us\",\"item\":\"https:\/\/www.coipsa.cl\/en\/quienes-somos\/\"},{\"@type\":\"ListItem\",\"position\":3,\"name\":\"Who we are\"}]},{\"@type\":\"WebSite\",\"@id\":\"https:\/\/www.coipsa.cl\/#website\",\"url\":\"https:\/\/www.coipsa.cl\/\",\"name\":\"Coipsa website\",\"description\":\"\",\"potentialAction\":[{\"@type\":\"SearchAction\",\"target\":{\"@type\":\"EntryPoint\",\"urlTemplate\":\"https:\/\/www.coipsa.cl\/?s={search_term_string}\"},\"query-input\":{\"@type\":\"PropertyValueSpecification\",\"valueRequired\":true,\"valueName\":\"search_term_string\"}}],\"inLanguage\":\"en-US\"}]}<\/script>\n<!-- \/ Yoast SEO plugin. -->","yoast_head_json":{"title":"Who we are - Coipsa website","robots":{"index":"index","follow":"follow","max-snippet":"max-snippet:-1","max-image-preview":"max-image-preview:large","max-video-preview":"max-video-preview:-1"},"canonical":"https:\/\/www.coipsa.cl\/en\/quienes-somos\/nosotros\/","og_locale":"en_US","og_type":"article","og_title":"Who we are - Coipsa website","og_description":"Who we are.Get to know us.Our company has more than 35 years of experience working with a circular economy model. We create, manufacture and deliver sustainable solutions to protect our customers&#8217; products while ensuring reliability throughout the supply chain. This is done by integrating the development of packaging solutions, the production of recycled raw materials [&hellip;]","og_url":"https:\/\/www.coipsa.cl\/en\/quienes-somos\/nosotros\/","og_site_name":"Coipsa website","article_modified_time":"2025-09-22T13:07:35+00:00","twitter_card":"summary_large_image","twitter_misc":{"Est. reading time":"4 minutes"},"schema":{"@context":"https:\/\/schema.org","@graph":[{"@type":"WebPage","@id":"https:\/\/www.coipsa.cl\/en\/quienes-somos\/nosotros\/","url":"https:\/\/www.coipsa.cl\/en\/quienes-somos\/nosotros\/","name":"Who we are - Coipsa website","isPartOf":{"@id":"https:\/\/www.coipsa.cl\/#website"},"datePublished":"2025-01-06T18:47:31+00:00","dateModified":"2025-09-22T13:07:35+00:00","breadcrumb":{"@id":"https:\/\/www.coipsa.cl\/en\/quienes-somos\/nosotros\/#breadcrumb"},"inLanguage":"en-US","potentialAction":[{"@type":"ReadAction","target":["https:\/\/www.coipsa.cl\/en\/quienes-somos\/nosotros\/"]}]},{"@type":"BreadcrumbList","@id":"https:\/\/www.coipsa.cl\/en\/quienes-somos\/nosotros\/#breadcrumb","itemListElement":[{"@type":"ListItem","position":1,"name":"Home","item":"https:\/\/www.coipsa.cl\/en\/"},{"@type":"ListItem","position":2,"name":"About us","item":"https:\/\/www.coipsa.cl\/en\/quienes-somos\/"},{"@type":"ListItem","position":3,"name":"Who we are"}]},{"@type":"WebSite","@id":"https:\/\/www.coipsa.cl\/#website","url":"https:\/\/www.coipsa.cl\/","name":"Coipsa website","description":"","potentialAction":[{"@type":"SearchAction","target":{"@type":"EntryPoint","urlTemplate":"https:\/\/www.coipsa.cl\/?s={search_term_string}"},"query-input":{"@type":"PropertyValueSpecification","valueRequired":true,"valueName":"search_term_string"}}],"inLanguage":"en-US"}]}},"_links":{"self":[{"href":"https:\/\/www.coipsa.cl\/en\/wp-json\/wp\/v2\/pages\/3706","targetHints":{"allow":["GET"]}}],"collection":[{"href":"https:\/\/www.coipsa.cl\/en\/wp-json\/wp\/v2\/pages"}],"about":[{"href":"https:\/\/www.coipsa.cl\/en\/wp-json\/wp\/v2\/types\/page"}],"author":[{"embeddable":true,"href":"https:\/\/www.coipsa.cl\/en\/wp-json\/wp\/v2\/users\/1"}],"replies":[{"embeddable":true,"href":"https:\/\/www.coipsa.cl\/en\/wp-json\/wp\/v2\/comments?post=3706"}],"version-history":[{"count":6,"href":"https:\/\/www.coipsa.cl\/en\/wp-json\/wp\/v2\/pages\/3706\/revisions"}],"predecessor-version":[{"id":3913,"href":"https:\/\/www.coipsa.cl\/en\/wp-json\/wp\/v2\/pages\/3706\/revisions\/3913"}],"up":[{"embeddable":true,"href":"https:\/\/www.coipsa.cl\/en\/wp-json\/wp\/v2\/pages\/3703"}],"wp:attachment":[{"href":"https:\/\/www.coipsa.cl\/en\/wp-json\/wp\/v2\/media?parent=3706"}],"curies":[{"name":"wp","href":"https:\/\/api.w.org\/{rel}","templated":true}]}}