{"id":3690,"date":"2025-01-02T16:56:12","date_gmt":"2025-01-02T19:56:12","guid":{"rendered":"https:\/\/www.coipsa.cl\/pagina-del-inicio\/"},"modified":"2025-09-17T13:50:32","modified_gmt":"2025-09-17T16:50:32","slug":"pagina-del-inicio","status":"publish","type":"page","link":"https:\/\/www.coipsa.cl\/en\/","title":{"rendered":"Home"},"content":{"rendered":"<p>Conoce m\u00e1s sobre lo que nos diferencia..Ver m\u00e1s.Ver m\u00e1s.Ver m\u00e1s.Ver m\u00e1s.Ver m\u00e1s.Ver m\u00e1s.Ver m\u00e1s.Ver m\u00e1s.Ver m\u00e1s.Ver m\u00e1s.Ver m\u00e1s.Ver m\u00e1s.We craft sustainable solutions that protect our customers&#8217; products&#8230;Ver todas.Ver m\u00e1s.Our reason for existence is to reinvent the packaging industry through the transformative power of the<strong>circular economy.<\/strong>.Sustainability.Our aim is to support long-term growth as we generate value for our various stakeholders..<strong>Business Units<\/strong>.1.Waste management.We are specialists in handling and maximizing the value of industrial waste in a way that makes positive environmental impacts. .Papers.We develop and produce high-performance papers for the containers and packaging industry..Packaging solutions.We design and produce packaging solutions made to ensure supply chain reliability..Coipsa <strong>in figures<\/strong>..Years of experience.Customers.Industrial plants..Innovation.We are equipped to drive innovation through CoipsaFragua, transforming ideas into solutions that power evolution and growth..Our company has been working under a circular economy model for more than 35 years. ..We are passionate about solving our customers\u2019 needs&#8230;We are driven by an entrepreneurial and innovative ethos..<\/p>\n","protected":false},"excerpt":{"rendered":"<p>Conoce m\u00e1s sobre lo que nos diferencia..Ver m\u00e1s.Ver m\u00e1s.Ver m\u00e1s.Ver m\u00e1s.Ver m\u00e1s.Ver m\u00e1s.Ver m\u00e1s.Ver m\u00e1s.Ver m\u00e1s.Ver m\u00e1s.Ver m\u00e1s.Ver m\u00e1s.We craft sustainable solutions that protect our customers&#8217; products&#8230;Ver todas.Ver m\u00e1s.Our reason for existence is to reinvent the packaging industry through the transformative power of thecircular economy..Sustainability.Our aim is to support long-term growth as we generate value [&hellip;]<\/p>\n","protected":false},"author":1,"featured_media":0,"parent":0,"menu_order":0,"comment_status":"closed","ping_status":"closed","template":"acf-modules","meta":{"_acf_changed":false,"footnotes":""},"class_list":["post-3690","page","type-page","status-publish","hentry"],"acf":[],"yoast_head":"<!-- This site is optimized with the Yoast SEO plugin v25.4 - https:\/\/yoast.com\/wordpress\/plugins\/seo\/ -->\n<title>Home - Coipsa website<\/title>\n<meta name=\"robots\" content=\"index, follow, max-snippet:-1, max-image-preview:large, max-video-preview:-1\" \/>\n<link rel=\"canonical\" href=\"https:\/\/www.coipsa.cl\/en\/\" \/>\n<meta property=\"og:locale\" content=\"en_US\" \/>\n<meta property=\"og:type\" content=\"article\" \/>\n<meta property=\"og:title\" content=\"Home - Coipsa website\" \/>\n<meta property=\"og:description\" content=\"Conoce m\u00e1s sobre lo que nos diferencia..Ver m\u00e1s.Ver m\u00e1s.Ver m\u00e1s.Ver m\u00e1s.Ver m\u00e1s.Ver m\u00e1s.Ver m\u00e1s.Ver m\u00e1s.Ver m\u00e1s.Ver m\u00e1s.Ver m\u00e1s.Ver m\u00e1s.We craft sustainable solutions that protect our customers&#8217; products&#8230;Ver todas.Ver m\u00e1s.Our reason for existence is to reinvent the packaging industry through the transformative power of thecircular economy..Sustainability.Our aim is to support long-term growth as we generate value [&hellip;]\" \/>\n<meta property=\"og:url\" content=\"https:\/\/www.coipsa.cl\/en\/\" \/>\n<meta property=\"og:site_name\" content=\"Coipsa website\" \/>\n<meta property=\"article:modified_time\" content=\"2025-09-17T16:50:32+00:00\" \/>\n<meta name=\"twitter:card\" content=\"summary_large_image\" \/>\n<meta name=\"twitter:label1\" content=\"Est. reading time\" \/>\n\t<meta name=\"twitter:data1\" content=\"1 minute\" \/>\n<script type=\"application\/ld+json\" class=\"yoast-schema-graph\">{\"@context\":\"https:\/\/schema.org\",\"@graph\":[{\"@type\":\"WebPage\",\"@id\":\"https:\/\/www.coipsa.cl\/en\/\",\"url\":\"https:\/\/www.coipsa.cl\/en\/\",\"name\":\"Home - Coipsa website\",\"isPartOf\":{\"@id\":\"https:\/\/www.coipsa.cl\/#website\"},\"datePublished\":\"2025-01-02T19:56:12+00:00\",\"dateModified\":\"2025-09-17T16:50:32+00:00\",\"breadcrumb\":{\"@id\":\"https:\/\/www.coipsa.cl\/en\/#breadcrumb\"},\"inLanguage\":\"en-US\",\"potentialAction\":[{\"@type\":\"ReadAction\",\"target\":[\"https:\/\/www.coipsa.cl\/en\/\"]}]},{\"@type\":\"BreadcrumbList\",\"@id\":\"https:\/\/www.coipsa.cl\/en\/#breadcrumb\",\"itemListElement\":[{\"@type\":\"ListItem\",\"position\":1,\"name\":\"Home\",\"item\":\"https:\/\/www.coipsa.cl\/en\/\"},{\"@type\":\"ListItem\",\"position\":2,\"name\":\"Home\"}]},{\"@type\":\"WebSite\",\"@id\":\"https:\/\/www.coipsa.cl\/#website\",\"url\":\"https:\/\/www.coipsa.cl\/\",\"name\":\"Coipsa website\",\"description\":\"\",\"potentialAction\":[{\"@type\":\"SearchAction\",\"target\":{\"@type\":\"EntryPoint\",\"urlTemplate\":\"https:\/\/www.coipsa.cl\/?s={search_term_string}\"},\"query-input\":{\"@type\":\"PropertyValueSpecification\",\"valueRequired\":true,\"valueName\":\"search_term_string\"}}],\"inLanguage\":\"en-US\"}]}<\/script>\n<!-- \/ Yoast SEO plugin. -->","yoast_head_json":{"title":"Home - Coipsa website","robots":{"index":"index","follow":"follow","max-snippet":"max-snippet:-1","max-image-preview":"max-image-preview:large","max-video-preview":"max-video-preview:-1"},"canonical":"https:\/\/www.coipsa.cl\/en\/","og_locale":"en_US","og_type":"article","og_title":"Home - Coipsa website","og_description":"Conoce m\u00e1s sobre lo que nos diferencia..Ver m\u00e1s.Ver m\u00e1s.Ver m\u00e1s.Ver m\u00e1s.Ver m\u00e1s.Ver m\u00e1s.Ver m\u00e1s.Ver m\u00e1s.Ver m\u00e1s.Ver m\u00e1s.Ver m\u00e1s.Ver m\u00e1s.We craft sustainable solutions that protect our customers&#8217; products&#8230;Ver todas.Ver m\u00e1s.Our reason for existence is to reinvent the packaging industry through the transformative power of thecircular economy..Sustainability.Our aim is to support long-term growth as we generate value [&hellip;]","og_url":"https:\/\/www.coipsa.cl\/en\/","og_site_name":"Coipsa website","article_modified_time":"2025-09-17T16:50:32+00:00","twitter_card":"summary_large_image","twitter_misc":{"Est. reading time":"1 minute"},"schema":{"@context":"https:\/\/schema.org","@graph":[{"@type":"WebPage","@id":"https:\/\/www.coipsa.cl\/en\/","url":"https:\/\/www.coipsa.cl\/en\/","name":"Home - Coipsa website","isPartOf":{"@id":"https:\/\/www.coipsa.cl\/#website"},"datePublished":"2025-01-02T19:56:12+00:00","dateModified":"2025-09-17T16:50:32+00:00","breadcrumb":{"@id":"https:\/\/www.coipsa.cl\/en\/#breadcrumb"},"inLanguage":"en-US","potentialAction":[{"@type":"ReadAction","target":["https:\/\/www.coipsa.cl\/en\/"]}]},{"@type":"BreadcrumbList","@id":"https:\/\/www.coipsa.cl\/en\/#breadcrumb","itemListElement":[{"@type":"ListItem","position":1,"name":"Home","item":"https:\/\/www.coipsa.cl\/en\/"},{"@type":"ListItem","position":2,"name":"Home"}]},{"@type":"WebSite","@id":"https:\/\/www.coipsa.cl\/#website","url":"https:\/\/www.coipsa.cl\/","name":"Coipsa website","description":"","potentialAction":[{"@type":"SearchAction","target":{"@type":"EntryPoint","urlTemplate":"https:\/\/www.coipsa.cl\/?s={search_term_string}"},"query-input":{"@type":"PropertyValueSpecification","valueRequired":true,"valueName":"search_term_string"}}],"inLanguage":"en-US"}]}},"_links":{"self":[{"href":"https:\/\/www.coipsa.cl\/en\/wp-json\/wp\/v2\/pages\/3690","targetHints":{"allow":["GET"]}}],"collection":[{"href":"https:\/\/www.coipsa.cl\/en\/wp-json\/wp\/v2\/pages"}],"about":[{"href":"https:\/\/www.coipsa.cl\/en\/wp-json\/wp\/v2\/types\/page"}],"author":[{"embeddable":true,"href":"https:\/\/www.coipsa.cl\/en\/wp-json\/wp\/v2\/users\/1"}],"replies":[{"embeddable":true,"href":"https:\/\/www.coipsa.cl\/en\/wp-json\/wp\/v2\/comments?post=3690"}],"version-history":[{"count":9,"href":"https:\/\/www.coipsa.cl\/en\/wp-json\/wp\/v2\/pages\/3690\/revisions"}],"predecessor-version":[{"id":3898,"href":"https:\/\/www.coipsa.cl\/en\/wp-json\/wp\/v2\/pages\/3690\/revisions\/3898"}],"wp:attachment":[{"href":"https:\/\/www.coipsa.cl\/en\/wp-json\/wp\/v2\/media?parent=3690"}],"curies":[{"name":"wp","href":"https:\/\/api.w.org\/{rel}","templated":true}]}}